{"id":49,"date":"2020-09-20T21:19:38","date_gmt":"2020-09-20T21:19:38","guid":{"rendered":"http:\/\/edixiomusic.com\/?page_id=49"},"modified":"2021-08-04T12:33:07","modified_gmt":"2021-08-04T12:33:07","slug":"bio","status":"publish","type":"page","link":"http:\/\/edixiomusic.com\/en\/bio\/","title":{"rendered":"EdiXio: Gimnasia y M\u00fasica"},"content":{"rendered":"<div data-elementor-type=\"wp-page\" data-elementor-id=\"49\" class=\"elementor elementor-49\">\n\t\t\t\t\t\t<div class=\"elementor-inner\">\n\t\t\t\t<div class=\"elementor-section-wrap\">\n\t\t\t\t\t\t\t\t\t<section class=\"elementor-section elementor-top-section elementor-element elementor-element-ae25fe7 elementor-section-stretched elementor-hidden-phone elementor-section-boxed elementor-section-height-default elementor-section-height-default\" data-id=\"ae25fe7\" data-element_type=\"section\" data-settings=\"{&quot;stretch_section&quot;:&quot;section-stretched&quot;,&quot;background_background&quot;:&quot;classic&quot;}\">\n\t\t\t\t\t\t<div class=\"elementor-container elementor-column-gap-no\">\n\t\t\t\t\t\t\t<div class=\"elementor-row\">\n\t\t\t\t\t<div class=\"elementor-column elementor-col-100 elementor-top-column elementor-element elementor-element-40f0f6e\" data-id=\"40f0f6e\" data-element_type=\"column\">\n\t\t\t<div class=\"elementor-column-wrap elementor-element-populated\">\n\t\t\t\t\t\t\t<div class=\"elementor-widget-wrap\">\n\t\t\t\t\t\t<div class=\"elementor-element elementor-element-3136c3b elementor-widget elementor-widget-spacer\" data-id=\"3136c3b\" data-element_type=\"widget\" data-widget_type=\"spacer.default\">\n\t\t\t\t<div class=\"elementor-widget-container\">\n\t\t\t\t\t<div class=\"elementor-spacer\">\n\t\t\t<div class=\"elementor-spacer-inner\"><\/div>\n\t\t<\/div>\n\t\t\t\t<\/div>\n\t\t\t\t<\/div>\n\t\t\t\t<section class=\"elementor-section elementor-inner-section elementor-element elementor-element-48ac148 elementor-section-content-bottom elementor-section-boxed elementor-section-height-default elementor-section-height-default\" data-id=\"48ac148\" data-element_type=\"section\">\n\t\t\t\t\t\t<div class=\"elementor-container elementor-column-gap-default\">\n\t\t\t\t\t\t\t<div class=\"elementor-row\">\n\t\t\t\t\t<div class=\"elementor-column elementor-col-50 elementor-inner-column elementor-element elementor-element-48d6706\" data-id=\"48d6706\" data-element_type=\"column\">\n\t\t\t<div class=\"elementor-column-wrap elementor-element-populated\">\n\t\t\t\t\t\t\t<div class=\"elementor-widget-wrap\">\n\t\t\t\t\t\t<div class=\"elementor-element elementor-element-11599bf elementor-widget__width-initial elementor-widget elementor-widget-text-editor\" data-id=\"11599bf\" data-element_type=\"widget\" data-widget_type=\"text-editor.default\">\n\t\t\t\t<div class=\"elementor-widget-container\">\n\t\t\t\t\t\t\t\t<div class=\"elementor-text-editor elementor-clearfix\">\n\t\t\t\t<p><span style=\"font-weight: 400;\">As\u00ed fu\u00e9 como sus dos pasiones; gimnasia y m\u00fasica forjaron en el joven venezolano EdiXio un car\u00e1cter pleno pero disciplinado que desde muy peque\u00f1o, ayudaron al joven a encontrar ese perfecto equilibrio entre <strong>t\u00e9cnica y emoci\u00f3n<\/strong>.<\/span><\/p><p><span style=\"font-weight: 400;\">Tanto que EdiXio compone temas de su autor\u00eda, su gran versatilidad lo lleva a dominar g\u00e9neros tanto en ingl\u00e9s como en espa\u00f1ol. Destaca el sencillo titulado \u201c<\/span><i><span style=\"font-weight: 400;\">D\u00e9jame Amarte\u00bb<\/span><\/i><span style=\"font-weight: 400;\">,<\/span><\/p><p><span style=\"font-weight: 400;\">Radicado actualmente en los Estados Unidos de Norteam\u00e9rica, ha participado en diferentes eventos y shows en la ciudad de <strong>Miami<\/strong>, en <strong>Nueva York<\/strong>, en <strong>Austin<\/strong>, en el \u00e1rea de <strong>Virginia<\/strong>, <strong>Maryland<\/strong> y <strong>Washington<\/strong>, D.C. y compartido escenarios con artistas de la talla de Oscar de Le\u00f3n, el d\u00fao San Luis, Karina, Diveana, Beetzar Acosta (ex integrante del grupo \u201cCaibo\u201d), y m\u00e1s recientemente Luis Enrique\u00a0<\/span><\/p><p><span style=\"font-weight: 400;\">Ha obtenido reconocimientos especiales como <strong>Artista Pop Urbano<\/strong> en los premios \u201c<strong>Urbanos<\/strong>\u201d, evento organizado por la cadena <strong>Telemundo 41<\/strong> en <strong>Nueva York<\/strong>. De presentaciones importantes, tales como \u201c<\/span><b>F<\/b><strong style=\"font-weight: 400;\">iesta DC<\/strong>, en el \u00e1rea de Washington, festival considerado como uno de los m\u00e1s grandes e importantes de la capital norteamericana.<\/p><p><span style=\"font-weight: 400;\">Ha obtenido logros en audiciones, donde destaca el de la cadena de televisi\u00f3n <strong>Univisi\u00f3n<\/strong> en programas como <strong>La Banda<\/strong>, y recientemente en la cadena televisiva <strong>Telemundo<\/strong> en el programa <strong>La Voz<\/strong> donde un jurado integrado por artistas de talla internacional como Alejandra Guzm\u00e1n, Luis Fonsi, Wisin y Carlos Vives le dieron el s\u00ed dentro de un grupo de 10 mil cantantes que audicionaron, provenientes de todo el territorio estadounidense.<\/span><\/p><p><span style=\"font-weight: 400;\">Con merecido \u00e9Xito aprob\u00f3 su primera audici\u00f3n, y obtuvo su pase a las audiciones a ciegas para demostrar con gran talento vocal y en escenario de que: <strong>as\u00ed como la gimnasia se ocupa del cuerpo, la m\u00fasica del alma.<\/strong><\/span><\/p>\t\t\t\t\t<\/div>\n\t\t\t\t\t\t<\/div>\n\t\t\t\t<\/div>\n\t\t\t\t\t\t<\/div>\n\t\t\t\t\t<\/div>\n\t\t<\/div>\n\t\t\t\t<div class=\"elementor-column elementor-col-50 elementor-inner-column elementor-element elementor-element-71c778e\" data-id=\"71c778e\" data-element_type=\"column\">\n\t\t\t<div class=\"elementor-column-wrap elementor-element-populated\">\n\t\t\t\t\t\t\t<div class=\"elementor-widget-wrap\">\n\t\t\t\t\t\t<div class=\"elementor-element elementor-element-50ffa1c elementor-widget elementor-widget-heading\" data-id=\"50ffa1c\" data-element_type=\"widget\" data-widget_type=\"heading.default\">\n\t\t\t\t<div class=\"elementor-widget-container\">\n\t\t\t<h2 class=\"elementor-heading-title elementor-size-default\">\u201cla gimnasia me sirvi\u00f3 de apoyo para desarrollar mi carrera musical y me reforz\u00f3 el valor de la constancia para el logro de metas\u201d<\/h2>\t\t<\/div>\n\t\t\t\t<\/div>\n\t\t\t\t\t\t<\/div>\n\t\t\t\t\t<\/div>\n\t\t<\/div>\n\t\t\t\t\t\t\t\t<\/div>\n\t\t\t\t\t<\/div>\n\t\t<\/section>\n\t\t\t\t<div class=\"elementor-element elementor-element-b3ed542 elementor-widget elementor-widget-spacer\" data-id=\"b3ed542\" data-element_type=\"widget\" data-widget_type=\"spacer.default\">\n\t\t\t\t<div class=\"elementor-widget-container\">\n\t\t\t\t\t<div class=\"elementor-spacer\">\n\t\t\t<div class=\"elementor-spacer-inner\"><\/div>\n\t\t<\/div>\n\t\t\t\t<\/div>\n\t\t\t\t<\/div>\n\t\t\t\t\t\t<\/div>\n\t\t\t\t\t<\/div>\n\t\t<\/div>\n\t\t\t\t\t\t\t\t<\/div>\n\t\t\t\t\t<\/div>\n\t\t<\/section>\n\t\t\t\t<section class=\"elementor-section elementor-top-section elementor-element elementor-element-e657ee2 elementor-section-stretched elementor-hidden-desktop elementor-hidden-tablet elementor-section-boxed elementor-section-height-default elementor-section-height-default\" data-id=\"e657ee2\" data-element_type=\"section\" data-settings=\"{&quot;stretch_section&quot;:&quot;section-stretched&quot;}\">\n\t\t\t\t\t\t<div class=\"elementor-container elementor-column-gap-default\">\n\t\t\t\t\t\t\t<div class=\"elementor-row\">\n\t\t\t\t\t<div class=\"elementor-column elementor-col-100 elementor-top-column elementor-element elementor-element-715bab0\" data-id=\"715bab0\" data-element_type=\"column\">\n\t\t\t<div class=\"elementor-column-wrap elementor-element-populated\">\n\t\t\t\t\t\t\t<div class=\"elementor-widget-wrap\">\n\t\t\t\t\t\t<div class=\"elementor-element elementor-element-5f5fea9 elementor-widget elementor-widget-image\" data-id=\"5f5fea9\" data-element_type=\"widget\" data-widget_type=\"image.default\">\n\t\t\t\t<div class=\"elementor-widget-container\">\n\t\t\t\t\t\t\t\t<div class=\"elementor-image\">\n\t\t\t\t\t\t\t\t\t\t\t\t<img decoding=\"async\" width=\"1024\" height=\"683\" src=\"http:\/\/edixiomusic.com\/wp-content\/uploads\/2020\/09\/bg_bio_1500-1024x683.jpg\" class=\"attachment-large size-large\" alt=\"\" srcset=\"http:\/\/edixiomusic.com\/wp-content\/uploads\/2020\/09\/bg_bio_1500-1024x683.jpg 1024w, http:\/\/edixiomusic.com\/wp-content\/uploads\/2020\/09\/bg_bio_1500-300x200.jpg 300w, http:\/\/edixiomusic.com\/wp-content\/uploads\/2020\/09\/bg_bio_1500-768x512.jpg 768w, http:\/\/edixiomusic.com\/wp-content\/uploads\/2020\/09\/bg_bio_1500.jpg 1500w\" sizes=\"(max-width: 1024px) 100vw, 1024px\" \/>\t\t\t\t\t\t\t\t\t\t\t\t\t\t<\/div>\n\t\t\t\t\t\t<\/div>\n\t\t\t\t<\/div>\n\t\t\t\t<div class=\"elementor-element elementor-element-5b3e24b elementor-widget elementor-widget-heading\" data-id=\"5b3e24b\" data-element_type=\"widget\" data-widget_type=\"heading.default\">\n\t\t\t\t<div class=\"elementor-widget-container\">\n\t\t\t<h2 class=\"elementor-heading-title elementor-size-default\">\u201cla gimnasia me sirvi\u00f3 de apoyo para desarrollar mi carrera musical y me reforz\u00f3 el valor de la constancia para el logro de metas\u201d\u200b<\/h2>\t\t<\/div>\n\t\t\t\t<\/div>\n\t\t\t\t<div class=\"elementor-element elementor-element-c4ad3aa elementor-widget__width-initial elementor-widget elementor-widget-text-editor\" data-id=\"c4ad3aa\" data-element_type=\"widget\" data-widget_type=\"text-editor.default\">\n\t\t\t\t<div class=\"elementor-widget-container\">\n\t\t\t\t\t\t\t\t<div class=\"elementor-text-editor elementor-clearfix\">\n\t\t\t\t<p><span style=\"font-weight: 400;\">As\u00ed fu\u00e9 como sus dos pasiones; gimnasia y m\u00fasica forjaron en el joven venezolano EdiXio un car\u00e1cter pleno pero disciplinado que desde muy peque\u00f1o, ayudaron al joven a encontrar ese perfecto equilibrio entre <strong>t\u00e9cnica y emoci\u00f3n<\/strong>.<\/span><\/p><p><span style=\"font-weight: 400;\">Tanto que EdiXio compone temas de su autor\u00eda, su gran versatilidad lo lleva a dominar g\u00e9neros tanto en ingl\u00e9s como en espa\u00f1ol. Destaca el sencillo titulado \u201c<\/span><i><span style=\"font-weight: 400;\">D\u00e9jame Amarte\u00bb<\/span><\/i><span style=\"font-weight: 400;\">,<\/span><\/p><p><span style=\"font-weight: 400;\">Radicado actualmente en los Estados Unidos de Norteam\u00e9rica, ha participado en diferentes eventos y shows en la ciudad de <strong>Miami<\/strong>, en <strong>Nueva York<\/strong>, en <strong>Austin<\/strong>, en el \u00e1rea de <strong>Virginia<\/strong>, <strong>Maryland<\/strong> y <strong>Washington<\/strong>, D.C. y compartido escenarios con artistas de la talla de Oscar de Le\u00f3n, el d\u00fao San Luis, Karina, Diveana, Beetzar Acosta (ex integrante del grupo \u201cCaibo\u201d), y m\u00e1s recientemente Luis Enrique\u00a0<\/span><\/p><p><span style=\"font-weight: 400;\">Ha obtenido reconocimientos especiales como <strong>Artista Pop Urbano<\/strong> en los premios \u201c<strong>Urbanos<\/strong>\u201d, evento organizado por la cadena <strong>Telemundo 41<\/strong> en <strong>Nueva York<\/strong>. De presentaciones importantes, tales como \u201c<strong>Fiesta DC<\/strong>, en el \u00e1rea de Washington, festival considerado como uno de los m\u00e1s grandes e importantes de la capital norteamericana.<\/span><\/p><p><span style=\"font-weight: 400;\">Ha obtenido logros en audiciones, donde destaca el de la cadena de televisi\u00f3n <strong>Univisi\u00f3n<\/strong> en programas como <strong>La Banda<\/strong>, y recientemente en la cadena televisiva <strong>Telemundo<\/strong> en el programa <strong>La Voz<\/strong> donde un jurado integrado por artistas de talla internacional como Alejandra Guzm\u00e1n, Luis Fonsi, Wisin y Carlos Vives le dieron el s\u00ed dentro de un grupo de 10 mil cantantes que audicionaron, provenientes de todo el territorio estadounidense.<\/span><\/p><p><span style=\"font-weight: 400;\">Con merecido \u00e9Xito aprob\u00f3 su primera audici\u00f3n, y obtuvo su pase a las audiciones a ciegas para demostrar con gran talento vocal y en escenario de que: <strong>as\u00ed como la gimnasia se ocupa del cuerpo, la m\u00fasica del alma.<\/strong><\/span><\/p>\t\t\t\t\t<\/div>\n\t\t\t\t\t\t<\/div>\n\t\t\t\t<\/div>\n\t\t\t\t\t\t<\/div>\n\t\t\t\t\t<\/div>\n\t\t<\/div>\n\t\t\t\t\t\t\t\t<\/div>\n\t\t\t\t\t<\/div>\n\t\t<\/section>\n\t\t\t\t\t\t\t\t\t<\/div>\n\t\t\t<\/div>\n\t\t\t\t\t<\/div>","protected":false},"excerpt":{"rendered":"<p>As\u00ed fu\u00e9 como sus dos pasiones; gimnasia y m\u00fasica forjaron en el joven venezolano EdiXio un car\u00e1cter pleno pero disciplinado que desde muy peque\u00f1o, ayudaron al joven a encontrar ese perfecto equilibrio entre t\u00e9cnica y emoci\u00f3n. Tanto que EdiXio compone temas de su autor\u00eda, su gran versatilidad lo lleva a dominar g\u00e9neros tanto en ingl\u00e9s [&hellip;]<\/p>","protected":false},"author":1,"featured_media":0,"parent":0,"menu_order":0,"comment_status":"closed","ping_status":"closed","template":"","meta":[],"_links":{"self":[{"href":"http:\/\/edixiomusic.com\/en\/wp-json\/wp\/v2\/pages\/49"}],"collection":[{"href":"http:\/\/edixiomusic.com\/en\/wp-json\/wp\/v2\/pages"}],"about":[{"href":"http:\/\/edixiomusic.com\/en\/wp-json\/wp\/v2\/types\/page"}],"author":[{"embeddable":true,"href":"http:\/\/edixiomusic.com\/en\/wp-json\/wp\/v2\/users\/1"}],"replies":[{"embeddable":true,"href":"http:\/\/edixiomusic.com\/en\/wp-json\/wp\/v2\/comments?post=49"}],"version-history":[{"count":15,"href":"http:\/\/edixiomusic.com\/en\/wp-json\/wp\/v2\/pages\/49\/revisions"}],"predecessor-version":[{"id":76,"href":"http:\/\/edixiomusic.com\/en\/wp-json\/wp\/v2\/pages\/49\/revisions\/76"}],"wp:attachment":[{"href":"http:\/\/edixiomusic.com\/en\/wp-json\/wp\/v2\/media?parent=49"}],"curies":[{"name":"wp","href":"https:\/\/api.w.org\/{rel}","templated":true}]}}